{"id":1661,"date":"2024-09-13T16:47:03","date_gmt":"2024-09-13T14:47:03","guid":{"rendered":"https:\/\/www.cbpropertyinvestors.eu\/investment-portfolio\/"},"modified":"2025-02-07T10:45:22","modified_gmt":"2025-02-07T09:45:22","slug":"investment-portfolio","status":"publish","type":"page","link":"https:\/\/www.cbpropertyinvestors.eu\/en\/investment-portfolio\/","title":{"rendered":"Investment Portfolio"},"content":{"rendered":"<div class=\"wpb-content-wrapper\"><p>[vc_row row_height_percent=&#8221;75&#8243; override_padding=&#8221;yes&#8221; h_padding=&#8221;2&#8243; top_padding=&#8221;5&#8243; bottom_padding=&#8221;5&#8243; back_color=&#8221;color-dark&#8221; back_image=&#8221;37&#8243; parallax=&#8221;yes&#8221; overlay_color=&#8221;gradient-blue-hero&#8221; overlay_alpha=&#8221;80&#8243; gutter_size=&#8221;3&#8243; column_width_percent=&#8221;100&#8243; shift_y=&#8221;0&#8243; z_index=&#8221;0&#8243; top_divider=&#8221;gradient&#8221; content_parallax=&#8221;0&#8243; uncode_shortcode_id=&#8221;582895&#8243; back_color_type=&#8221;uncode-palette&#8221; overlay_color_type=&#8221;uncode-palette&#8221;][vc_column column_width_percent=&#8221;100&#8243; position_vertical=&#8221;middle&#8221; gutter_size=&#8221;2&#8243; style=&#8221;dark&#8221; overlay_alpha=&#8221;50&#8243; shift_x=&#8221;0&#8243; shift_y=&#8221;0&#8243; shift_y_down=&#8221;0&#8243; z_index=&#8221;0&#8243; medium_width=&#8221;0&#8243; mobile_width=&#8221;0&#8243; css_animation=&#8221;right-t-left&#8221; width=&#8221;1\/1&#8243; uncode_shortcode_id=&#8221;174683&#8243;][vc_custom_heading text_size=&#8221;h1&#8243; uncode_shortcode_id=&#8221;794320&#8243;]CB Property Investors<br \/>\nInvestment Portfolio[\/vc_custom_heading][vc_empty_space][vc_button button_color=&#8221;color-contrast&#8221; border_width=&#8221;0&#8243; button_color_type=&#8221;uncode-palette&#8221; uncode_shortcode_id=&#8221;171350&#8243; link=&#8221;url:%23content|&#8221;]How we increase the value of your assets[\/vc_button][\/vc_column][\/vc_row][vc_row row_height_percent=&#8221;0&#8243; override_padding=&#8221;yes&#8221; h_padding=&#8221;2&#8243; top_padding=&#8221;2&#8243; bottom_padding=&#8221;2&#8243; back_color=&#8221;color-dark&#8221; overlay_alpha=&#8221;50&#8243; gutter_size=&#8221;0&#8243; column_width_percent=&#8221;100&#8243; shift_y=&#8221;0&#8243; z_index=&#8221;0&#8243; content_parallax=&#8221;0&#8243; uncode_shortcode_id=&#8221;166559&#8243; back_color_type=&#8221;uncode-palette&#8221;][vc_column column_width_percent=&#8221;100&#8243; align_horizontal=&#8221;align_center&#8221; gutter_size=&#8221;1&#8243; style=&#8221;dark&#8221; overlay_alpha=&#8221;50&#8243; border_color=&#8221;accent&#8221; border_style=&#8221;solid&#8221; shift_x=&#8221;0&#8243; shift_y=&#8221;0&#8243; shift_y_down=&#8221;0&#8243; z_index=&#8221;0&#8243; medium_width=&#8221;4&#8243; mobile_width=&#8221;0&#8243; css_animation=&#8221;zoom-in&#8221; animation_delay=&#8221;1000&#8243; width=&#8221;1\/3&#8243; uncode_shortcode_id=&#8221;875894&#8243; css=&#8221;.vc_custom_1726242828742{border-right-width: 2px !important;}&#8221; border_color_type=&#8221;uncode-palette&#8221;][vc_custom_heading heading_semantic=&#8221;p&#8221; text_size=&#8221;h5&#8243; uncode_shortcode_id=&#8221;117859&#8243;]under our management[\/vc_custom_heading][vc_custom_heading heading_semantic=&#8221;h3&#8243; text_size=&#8221;h3&#8243; uncode_shortcode_id=&#8221;197709&#8243;]45,000 m<sup>2<\/sup>[\/vc_custom_heading][vc_empty_space empty_h=&#8221;2&#8243; desktop_visibility=&#8221;yes&#8221;][\/vc_column][vc_column column_width_percent=&#8221;100&#8243; align_horizontal=&#8221;align_center&#8221; gutter_size=&#8221;1&#8243; style=&#8221;dark&#8221; overlay_alpha=&#8221;50&#8243; border_color=&#8221;accent&#8221; border_style=&#8221;solid&#8221; shift_x=&#8221;0&#8243; shift_y=&#8221;0&#8243; shift_y_down=&#8221;0&#8243; z_index=&#8221;0&#8243; medium_width=&#8221;4&#8243; mobile_width=&#8221;0&#8243; css_animation=&#8221;zoom-in&#8221; animation_delay=&#8221;1200&#8243; width=&#8221;1\/3&#8243; uncode_shortcode_id=&#8221;165892&#8243; css=&#8221;.vc_custom_1726242838125{border-right-width: 2px !important;}&#8221; border_color_type=&#8221;uncode-palette&#8221;][vc_custom_heading heading_semantic=&#8221;p&#8221; text_size=&#8221;h5&#8243; uncode_shortcode_id=&#8221;179583&#8243;]portfolio value[\/vc_custom_heading][vc_custom_heading heading_semantic=&#8221;h3&#8243; text_size=&#8221;h3&#8243; uncode_shortcode_id=&#8221;201875&#8243;]over 71M \u20ac[\/vc_custom_heading][vc_empty_space empty_h=&#8221;2&#8243; desktop_visibility=&#8221;yes&#8221;][\/vc_column][vc_column column_width_percent=&#8221;100&#8243; align_horizontal=&#8221;align_center&#8221; gutter_size=&#8221;1&#8243; style=&#8221;dark&#8221; overlay_alpha=&#8221;50&#8243; shift_x=&#8221;0&#8243; shift_y=&#8221;0&#8243; shift_y_down=&#8221;0&#8243; z_index=&#8221;0&#8243; medium_width=&#8221;0&#8243; mobile_width=&#8221;0&#8243; css_animation=&#8221;zoom-in&#8221; animation_delay=&#8221;1400&#8243; width=&#8221;1\/3&#8243; uncode_shortcode_id=&#8221;192288&#8243;][vc_custom_heading heading_semantic=&#8221;p&#8221; text_size=&#8221;h5&#8243; uncode_shortcode_id=&#8221;119380&#8243;]average return in last 3 years[\/vc_custom_heading][vc_custom_heading heading_semantic=&#8221;h3&#8243; text_size=&#8221;h3&#8243; uncode_shortcode_id=&#8221;159379&#8243;]13,5 % p.a.[\/vc_custom_heading][\/vc_column][\/vc_row][vc_row row_height_percent=&#8221;0&#8243; override_padding=&#8221;yes&#8221; h_padding=&#8221;2&#8243; top_padding=&#8221;4&#8243; bottom_padding=&#8221;4&#8243; overlay_alpha=&#8221;50&#8243; gutter_size=&#8221;3&#8243; column_width_percent=&#8221;100&#8243; shift_y=&#8221;0&#8243; z_index=&#8221;0&#8243; content_parallax=&#8221;0&#8243; uncode_shortcode_id=&#8221;457293&#8243; row_name=&#8221;Content&#8221;][vc_column width=&#8221;1\/1&#8243;][vc_row_inner limit_content=&#8221;&#8221;][vc_column_inner column_width_percent=&#8221;100&#8243; align_horizontal=&#8221;align_center&#8221; gutter_size=&#8221;3&#8243; overlay_alpha=&#8221;50&#8243; shift_x=&#8221;0&#8243; shift_y=&#8221;0&#8243; shift_y_down=&#8221;0&#8243; z_index=&#8221;0&#8243; medium_width=&#8221;0&#8243; mobile_width=&#8221;0&#8243; width=&#8221;1\/1&#8243; uncode_shortcode_id=&#8221;157400&#8243;][vc_custom_heading css_animation=&#8221;curtain&#8221; uncode_shortcode_id=&#8221;144632&#8243;]CB Property Investors Portfolio[\/vc_custom_heading][\/vc_column_inner][\/vc_row_inner][uncode_index el_id=&#8221;index-2051124&#8243; loop=&#8221;size:All|order_by:date|post_type:portfolio|taxonomy_count:10&#8243; screen_lg=&#8221;1200&#8243; screen_md=&#8221;600&#8243; screen_sm=&#8221;480&#8243; gutter_size=&#8221;3&#8243; post_items=&#8221;media|featured|onpost|original,date,title,spacer|half,link|link|default_size|scale_mobile|default_width|default_outline|\u010c\u00edst v\u00edce&#8221; portfolio_items=&#8221;media|featured|onpost|original,category|colorbg|bottomleft|hide-icon,title,text|excerpt|120,link|link|default_size|scale_mobile|default_width|default_outline|V\u00edce informac\u00ed&#8221; single_width=&#8221;6&#8243; images_size=&#8221;sixteen-nine&#8221; single_back_color=&#8221;color-white&#8221; single_overlay_opacity=&#8221;50&#8243; single_text_visible=&#8221;yes&#8221; single_text_anim=&#8221;no&#8221; single_padding=&#8221;2&#8243; single_title_dimension=&#8221;h3&#8243; single_meta_custom_typo=&#8221;yes&#8221; single_meta_size=&#8221;default&#8221; single_meta_weight=&#8221;400&#8243; single_shadow=&#8221;yes&#8221; single_border=&#8221;yes&#8221; single_css_animation=&#8221;bottom-t-top&#8221; single_animation_delay=&#8221;200&#8243; custom_cursor=&#8221;accent&#8221; uncode_shortcode_id=&#8221;196089&#8243; items=&#8221;eyIxNjdfaSI6eyJzaW5nbGVfbGF5b3V0X3BvcnRmb2xpb19pdGVtcyI6Im1lZGlhfGZlYXR1cmVkfG9ucG9zdHxvcmlnaW5hbCxjYXRlZ29yeXxjb2xvcmJnfGJvdHRvbWxlZnR8aGlkZS1pY29uLHRpdGxlLHRleHR8ZXhjZXJwdHwxMjAsbGlua3xsaW5rfGRlZmF1bHRfc2l6ZXxzY2FsZV9tb2JpbGV8ZGVmYXVsdF93aWR0aHxkZWZhdWx0X291dGxpbmV8DO1zdCB27WNlIn19&#8243;][\/vc_column][\/vc_row]<\/p>\n<\/div>","protected":false},"excerpt":{"rendered":"<p>[vc_row row_height_percent=&#8221;75&#8243; override_padding=&#8221;yes&#8221; h_padding=&#8221;2&#8243; top_padding=&#8221;5&#8243; bottom_padding=&#8221;5&#8243; back_color=&#8221;color-dark&#8221; back_image=&#8221;37&#8243; parallax=&#8221;yes&#8221; overlay_color=&#8221;gradient-blue-hero&#8221; overlay_alpha=&#8221;80&#8243; gutter_size=&#8221;3&#8243; column_width_percent=&#8221;100&#8243; shift_y=&#8221;0&#8243; z_index=&#8221;0&#8243; top_divider=&#8221;gradient&#8221; content_parallax=&#8221;0&#8243; uncode_shortcode_id=&#8221;582895&#8243; back_color_type=&#8221;uncode-palette&#8221; overlay_color_type=&#8221;uncode-palette&#8221;][vc_column [&hellip;]<\/p>\n","protected":false},"author":1,"featured_media":0,"parent":0,"menu_order":2,"comment_status":"closed","ping_status":"closed","template":"","meta":{"footnotes":"","_links_to":"","_links_to_target":""},"class_list":["post-1661","page","type-page","status-publish","hentry"],"yoast_head":"<!-- This site is optimized with the Yoast SEO plugin v27.4 - https:\/\/yoast.com\/product\/yoast-seo-wordpress\/ -->\n<title>Investment Portfolio - CB Property Investors<\/title>\n<meta name=\"description\" content=\"The fund&#039;s portfolio consists of properties from diverse sectors, where we expect a significant increase in their value.\" \/>\n<meta name=\"robots\" content=\"index, follow, max-snippet:-1, max-image-preview:large, max-video-preview:-1\" \/>\n<link rel=\"canonical\" href=\"https:\/\/www.cbpropertyinvestors.eu\/en\/investment-portfolio\/\" \/>\n<meta property=\"og:locale\" content=\"en_US\" \/>\n<meta property=\"og:type\" content=\"article\" \/>\n<meta property=\"og:title\" content=\"Investment Portfolio - CB Property Investors\" \/>\n<meta property=\"og:description\" content=\"The fund&#039;s portfolio consists of properties from diverse sectors, where we expect a significant increase in their value.\" \/>\n<meta property=\"og:url\" content=\"https:\/\/www.cbpropertyinvestors.eu\/en\/investment-portfolio\/\" \/>\n<meta property=\"og:site_name\" content=\"CB Property Investors\" \/>\n<meta property=\"article:publisher\" content=\"https:\/\/www.facebook.com\/CBPropertyInvestors\" \/>\n<meta property=\"article:modified_time\" content=\"2025-02-07T09:45:22+00:00\" \/>\n<meta property=\"og:image\" content=\"https:\/\/www.cbpropertyinvestors.eu\/wp-content\/uploads\/2024\/10\/SEO-logo-1.png\" \/>\n\t<meta property=\"og:image:width\" content=\"1200\" \/>\n\t<meta property=\"og:image:height\" content=\"675\" \/>\n\t<meta property=\"og:image:type\" content=\"image\/png\" \/>\n<meta name=\"twitter:card\" content=\"summary_large_image\" \/>\n<meta name=\"twitter:label1\" content=\"Est. reading time\" \/>\n\t<meta name=\"twitter:data1\" content=\"4 minutes\" \/>\n<script type=\"application\/ld+json\" class=\"yoast-schema-graph\">{\"@context\":\"https:\\\/\\\/schema.org\",\"@graph\":[{\"@type\":\"WebPage\",\"@id\":\"https:\\\/\\\/www.cbpropertyinvestors.eu\\\/en\\\/investment-portfolio\\\/\",\"url\":\"https:\\\/\\\/www.cbpropertyinvestors.eu\\\/en\\\/investment-portfolio\\\/\",\"name\":\"Investment Portfolio - CB Property Investors\",\"isPartOf\":{\"@id\":\"https:\\\/\\\/www.cbpropertyinvestors.eu\\\/en\\\/#website\"},\"datePublished\":\"2024-09-13T14:47:03+00:00\",\"dateModified\":\"2025-02-07T09:45:22+00:00\",\"description\":\"The fund's portfolio consists of properties from diverse sectors, where we expect a significant increase in their value.\",\"breadcrumb\":{\"@id\":\"https:\\\/\\\/www.cbpropertyinvestors.eu\\\/en\\\/investment-portfolio\\\/#breadcrumb\"},\"inLanguage\":\"en-US\",\"potentialAction\":[{\"@type\":\"ReadAction\",\"target\":[\"https:\\\/\\\/www.cbpropertyinvestors.eu\\\/en\\\/investment-portfolio\\\/\"]}]},{\"@type\":\"BreadcrumbList\",\"@id\":\"https:\\\/\\\/www.cbpropertyinvestors.eu\\\/en\\\/investment-portfolio\\\/#breadcrumb\",\"itemListElement\":[{\"@type\":\"ListItem\",\"position\":1,\"name\":\"Dom\u016f\",\"item\":\"https:\\\/\\\/www.cbpropertyinvestors.eu\\\/en\\\/homepage-2\\\/\"},{\"@type\":\"ListItem\",\"position\":2,\"name\":\"Investment Portfolio\"}]},{\"@type\":\"WebSite\",\"@id\":\"https:\\\/\\\/www.cbpropertyinvestors.eu\\\/en\\\/#website\",\"url\":\"https:\\\/\\\/www.cbpropertyinvestors.eu\\\/en\\\/\",\"name\":\"CB Property Investors\",\"description\":\"\",\"publisher\":{\"@id\":\"https:\\\/\\\/www.cbpropertyinvestors.eu\\\/en\\\/#organization\"},\"alternateName\":\"Crowdberry Property Investors\",\"potentialAction\":[{\"@type\":\"SearchAction\",\"target\":{\"@type\":\"EntryPoint\",\"urlTemplate\":\"https:\\\/\\\/www.cbpropertyinvestors.eu\\\/en\\\/?s={search_term_string}\"},\"query-input\":{\"@type\":\"PropertyValueSpecification\",\"valueRequired\":true,\"valueName\":\"search_term_string\"}}],\"inLanguage\":\"en-US\"},{\"@type\":\"Organization\",\"@id\":\"https:\\\/\\\/www.cbpropertyinvestors.eu\\\/en\\\/#organization\",\"name\":\"CB Property Investors\",\"url\":\"https:\\\/\\\/www.cbpropertyinvestors.eu\\\/en\\\/\",\"logo\":{\"@type\":\"ImageObject\",\"inLanguage\":\"en-US\",\"@id\":\"https:\\\/\\\/www.cbpropertyinvestors.eu\\\/en\\\/#\\\/schema\\\/logo\\\/image\\\/\",\"url\":\"https:\\\/\\\/cbpropertyinvestors.eu\\\/wp-content\\\/uploads\\\/2024\\\/09\\\/cropped-crowdberry-logo_Mark-Blue.png\",\"contentUrl\":\"https:\\\/\\\/cbpropertyinvestors.eu\\\/wp-content\\\/uploads\\\/2024\\\/09\\\/cropped-crowdberry-logo_Mark-Blue.png\",\"width\":512,\"height\":512,\"caption\":\"CB Property Investors\"},\"image\":{\"@id\":\"https:\\\/\\\/www.cbpropertyinvestors.eu\\\/en\\\/#\\\/schema\\\/logo\\\/image\\\/\"},\"sameAs\":[\"https:\\\/\\\/www.facebook.com\\\/CBPropertyInvestors\",\"https:\\\/\\\/www.linkedin.com\\\/company\\\/crowdberry-property-investors\\\/\"]}]}<\/script>\n<!-- \/ Yoast SEO plugin. -->","yoast_head_json":{"title":"Investment Portfolio - CB Property Investors","description":"The fund's portfolio consists of properties from diverse sectors, where we expect a significant increase in their value.","robots":{"index":"index","follow":"follow","max-snippet":"max-snippet:-1","max-image-preview":"max-image-preview:large","max-video-preview":"max-video-preview:-1"},"canonical":"https:\/\/www.cbpropertyinvestors.eu\/en\/investment-portfolio\/","og_locale":"en_US","og_type":"article","og_title":"Investment Portfolio - CB Property Investors","og_description":"The fund's portfolio consists of properties from diverse sectors, where we expect a significant increase in their value.","og_url":"https:\/\/www.cbpropertyinvestors.eu\/en\/investment-portfolio\/","og_site_name":"CB Property Investors","article_publisher":"https:\/\/www.facebook.com\/CBPropertyInvestors","article_modified_time":"2025-02-07T09:45:22+00:00","og_image":[{"width":1200,"height":675,"url":"https:\/\/www.cbpropertyinvestors.eu\/wp-content\/uploads\/2024\/10\/SEO-logo-1.png","type":"image\/png"}],"twitter_card":"summary_large_image","twitter_misc":{"Est. reading time":"4 minutes"},"schema":{"@context":"https:\/\/schema.org","@graph":[{"@type":"WebPage","@id":"https:\/\/www.cbpropertyinvestors.eu\/en\/investment-portfolio\/","url":"https:\/\/www.cbpropertyinvestors.eu\/en\/investment-portfolio\/","name":"Investment Portfolio - CB Property Investors","isPartOf":{"@id":"https:\/\/www.cbpropertyinvestors.eu\/en\/#website"},"datePublished":"2024-09-13T14:47:03+00:00","dateModified":"2025-02-07T09:45:22+00:00","description":"The fund's portfolio consists of properties from diverse sectors, where we expect a significant increase in their value.","breadcrumb":{"@id":"https:\/\/www.cbpropertyinvestors.eu\/en\/investment-portfolio\/#breadcrumb"},"inLanguage":"en-US","potentialAction":[{"@type":"ReadAction","target":["https:\/\/www.cbpropertyinvestors.eu\/en\/investment-portfolio\/"]}]},{"@type":"BreadcrumbList","@id":"https:\/\/www.cbpropertyinvestors.eu\/en\/investment-portfolio\/#breadcrumb","itemListElement":[{"@type":"ListItem","position":1,"name":"Dom\u016f","item":"https:\/\/www.cbpropertyinvestors.eu\/en\/homepage-2\/"},{"@type":"ListItem","position":2,"name":"Investment Portfolio"}]},{"@type":"WebSite","@id":"https:\/\/www.cbpropertyinvestors.eu\/en\/#website","url":"https:\/\/www.cbpropertyinvestors.eu\/en\/","name":"CB Property Investors","description":"","publisher":{"@id":"https:\/\/www.cbpropertyinvestors.eu\/en\/#organization"},"alternateName":"Crowdberry Property Investors","potentialAction":[{"@type":"SearchAction","target":{"@type":"EntryPoint","urlTemplate":"https:\/\/www.cbpropertyinvestors.eu\/en\/?s={search_term_string}"},"query-input":{"@type":"PropertyValueSpecification","valueRequired":true,"valueName":"search_term_string"}}],"inLanguage":"en-US"},{"@type":"Organization","@id":"https:\/\/www.cbpropertyinvestors.eu\/en\/#organization","name":"CB Property Investors","url":"https:\/\/www.cbpropertyinvestors.eu\/en\/","logo":{"@type":"ImageObject","inLanguage":"en-US","@id":"https:\/\/www.cbpropertyinvestors.eu\/en\/#\/schema\/logo\/image\/","url":"https:\/\/cbpropertyinvestors.eu\/wp-content\/uploads\/2024\/09\/cropped-crowdberry-logo_Mark-Blue.png","contentUrl":"https:\/\/cbpropertyinvestors.eu\/wp-content\/uploads\/2024\/09\/cropped-crowdberry-logo_Mark-Blue.png","width":512,"height":512,"caption":"CB Property Investors"},"image":{"@id":"https:\/\/www.cbpropertyinvestors.eu\/en\/#\/schema\/logo\/image\/"},"sameAs":["https:\/\/www.facebook.com\/CBPropertyInvestors","https:\/\/www.linkedin.com\/company\/crowdberry-property-investors\/"]}]}},"_links":{"self":[{"href":"https:\/\/www.cbpropertyinvestors.eu\/en\/wp-json\/wp\/v2\/pages\/1661","targetHints":{"allow":["GET"]}}],"collection":[{"href":"https:\/\/www.cbpropertyinvestors.eu\/en\/wp-json\/wp\/v2\/pages"}],"about":[{"href":"https:\/\/www.cbpropertyinvestors.eu\/en\/wp-json\/wp\/v2\/types\/page"}],"author":[{"embeddable":true,"href":"https:\/\/www.cbpropertyinvestors.eu\/en\/wp-json\/wp\/v2\/users\/1"}],"replies":[{"embeddable":true,"href":"https:\/\/www.cbpropertyinvestors.eu\/en\/wp-json\/wp\/v2\/comments?post=1661"}],"version-history":[{"count":6,"href":"https:\/\/www.cbpropertyinvestors.eu\/en\/wp-json\/wp\/v2\/pages\/1661\/revisions"}],"predecessor-version":[{"id":1718,"href":"https:\/\/www.cbpropertyinvestors.eu\/en\/wp-json\/wp\/v2\/pages\/1661\/revisions\/1718"}],"wp:attachment":[{"href":"https:\/\/www.cbpropertyinvestors.eu\/en\/wp-json\/wp\/v2\/media?parent=1661"}],"curies":[{"name":"wp","href":"https:\/\/api.w.org\/{rel}","templated":true}]}}