{"id":1898,"date":"2025-04-22T17:43:37","date_gmt":"2025-04-22T15:43:37","guid":{"rendered":"https:\/\/www.cbpropertyinvestors.eu\/personal-data-processing-policy\/"},"modified":"2025-05-07T13:36:17","modified_gmt":"2025-05-07T11:36:17","slug":"personal-data-processing-policy","status":"publish","type":"page","link":"https:\/\/www.cbpropertyinvestors.eu\/en\/personal-data-processing-policy\/","title":{"rendered":"Personal Data Processing Policy"},"content":{"rendered":"<div class=\"wpb-content-wrapper\"><p>[vc_row unlock_row=&#8221;&#8221; row_height_percent=&#8221;0&#8243; override_padding=&#8221;yes&#8221; h_padding=&#8221;2&#8243; top_padding=&#8221;4&#8243; bottom_padding=&#8221;4&#8243; overlay_alpha=&#8221;50&#8243; gutter_size=&#8221;3&#8243; column_width_percent=&#8221;100&#8243; shift_y=&#8221;0&#8243; z_index=&#8221;0&#8243; content_parallax=&#8221;0&#8243; uncode_shortcode_id=&#8221;478071&#8243;][vc_column width=&#8221;1\/1&#8243;][vc_column_text uncode_shortcode_id=&#8221;104771&#8243;]<\/p>\n<h3><strong>PERSONAL DATA PROCESSING POLICY<\/strong><\/h3>\n<p>&nbsp;<\/p>\n<ol>\n<li>\n<h4><strong> Introduction<\/strong><\/h4>\n<\/li>\n<\/ol>\n<p>At <strong>CB SICAV<\/strong>, a.s., acting on behalf of CB Property Investors Subfund, ID No.: 09588167, with registered office at Jind\u0159i\u0161sk\u00e1 939\/20, Nov\u00e9 M\u011bsto, 110 00 Prague 1, registered in the Commercial Register maintained by the Municipal Court in Prague, Section B, Insert 25739 (hereinafter referred to as &#8220;<strong>CB SICAV<\/strong>&#8221; or the Fund), we take privacy protection very seriously and pay maximum attention to it.<\/p>\n<p>In this document, the CB SICAV sets out the principles for the processing of personal data within the CB SICAV.<\/p>\n<p>If you have any questions regarding the processing of your personal data, you can contact CB SICAV, a.s., with registered office at Jind\u0159i\u0161sk\u00e1 939\/20, Nov\u00e9 M\u011bsto, 110 00 Prague 1, by e-mail at <a title=\"mailto:zuzana.olsen@cbpi.eu\" href=\"mailto:zuzana.olsen@cbpi.eu\" data-linkindex=\"0\" data-olk-copy-source=\"MessageBody\">zuzana.olsen@cbpi.eu<\/a> or by phone at +420 608 955 705.<\/p>\n<p>&nbsp;<\/p>\n<ol start=\"2\">\n<li>\n<h4><strong> Legal regulation<\/strong><\/h4>\n<\/li>\n<\/ol>\n<p>The processing of personal data of CB SICAV is governed by the applicable legislation, in particular:<\/p>\n<ul>\n<li>Act No. 110\/2019 Coll., on the processing of personal data;<\/li>\n<li>Regulation (EU) 2016\/679 of the European Parliament and of the Council of 27 April 2016 on the protection of natural persons with regard to the processing of personal data and on the free movement of such data, and repealing Directive 95\/46\/EC (General Data Protection Regulation) (&#8221; hereinafter <strong>GDPR<\/strong>&#8220;). <\/li>\n<\/ul>\n<p>&nbsp;<\/p>\n<ol start=\"3\">\n<li>\n<h4><strong> Terms<\/strong><\/h4>\n<\/li>\n<\/ol>\n<p>&#8216;<strong>Personal data<\/strong>&#8216; means any information relating to an identified or identifiable natural person; an identifiable natural person is a natural person who can be identified, directly or indirectly, in particular by reference to an identifier such as a name, an identification number, location data, a network identifier or to one or more specific elements of that natural person&#8217;s physical, physiological, genetic, mental, economic, cultural or social identity;<\/p>\n<p>&#8220;<strong>Data subject<\/strong>&#8221; means the natural person to whom the personal data relate;<\/p>\n<p>&#8216;<strong>Data controller<\/strong>&#8216; means the natural or legal person, public authority, agency or other body which, alone or jointly with others, determines the purposes and means of the processing of personal data; where the purposes and means of such processing are determined by European Union or Member State law, that law may determine the controller concerned or the specific criteria for its appointment. Unless otherwise specified in this Policy, in the terms of a specific contract or in the consent, the controller of personal data is CB SICAV. <\/p>\n<p>&#8220;<strong>Data processor<\/strong>&#8221; means a natural or legal person, public authority, agency or other body which processes personal data for the controller;<\/p>\n<p>&#8216;<strong>Processing<\/strong>&#8216; means any operation or set of operations which is performed upon personal data or sets of personal data, whether or not by automated processes, such as collection, recording, organisation, structuring, storage, adaptation or alteration, retrieval, consultation, use, disclosure by transmission, dissemination or any other disclosure, alignment or combination, restriction, erasure or destruction.<\/p>\n<p>&nbsp;<\/p>\n<ol start=\"4\">\n<li>\n<h4><strong> Purpose and scope of the processing of personal data<\/strong><\/h4>\n<\/li>\n<\/ol>\n<p>CB SICAV processes only the information that it necessarily needs or the information for which the Data Subject provides consent beyond the necessary processing.<\/p>\n<p>CB SICAV processes personal data for the following purposes:<\/p>\n<ul>\n<li>performance of the contract under which the CB SICAV provides services to the client;<\/li>\n<li>compliance with legal obligations imposed by legislation (e.g. Act No. 253\/2008 Coll., on certain measures against the legalization of the proceeds of crime and the financing of terrorism)<\/li>\n<li>legitimate interest of CB SICAV;<\/li>\n<li>marketing and business purposes (e.g. offering products and services, sending commercial communications, invitations to cultural events)<\/li>\n<\/ul>\n<p>CB SICAV processes in particular the following personal data of Data Subjects &#8211; investors:<\/p>\n<p>Name, surname, birth number, date of birth, place and country of birth, telephone number, email, nationality, type, number and expiration date of ID, permanent residence, mailing address, tax domicile, TIN, whether or not a U.S. resident, U.S. taxpayer identification number, whether or not he or she is a politically exposed person, whether or not he or she is a sanctioned person, method and language of communication, bank account number, signature, AML risk category, photograph of face, copies of executed documents including identification (including a photograph from the relevant document), gender, education, and financial information. In the case of a natural person entrepreneur, it also processes the address of the place of business, the subject of the business, the name of the official register or other official record in which he\/she is registered and the number of registration in this register or record, the business activity, information on the end users of the benefits, the amount of investment and its change. It shall process other data if required by the AML Law. Identity card data is only stored if required by law, in particular Act No. 253\/2008 Coll. on certain measures against the legalization of proceeds of crime and terrorist financing, or if the owner of the identity card has given consent to a copy of the identity card.<\/p>\n<p>In the case of other Data Subjects, this includes in particular the following personal data:<\/p>\n<p>name and surname, date and place of birth, birth number, permanent residence address or other contact address, nationality, telephone number, e-mail address, number and period of validity of the identity card, details of the issuing authority.<\/p>\n<p>Beyond this, any other personal data may be processed if voluntarily provided.<\/p>\n<p>The transfer of data that you provide to the Data Subject with your consent is voluntary. The transmission of other data is required by the CB SICAV if its processing is necessary for the conclusion or performance of a contract, the fulfilment of legal obligations or the protection of the legitimate interests of the CB SICAV. If you do not provide such data to the Data Subject, the relevant contract cannot be concluded with the Data Subject.  <\/p>\n<p>&nbsp;<\/p>\n<ol start=\"5\">\n<li>\n<h4><strong> Duration of processing of personal data<\/strong><\/h4>\n<\/li>\n<\/ol>\n<p>Personal data is processed by CB SICAV only for the time necessary to fulfil the purposes set out in this Policy &#8211; i.e. in particular for the duration of the contractual relationship, to comply with the statutory obligation, or until the expiry of the relevant time limits for the protection of the Fund&#8217;s rights. For marketing and business purposes, we process personal data for the duration of the business relationship.  <\/p>\n<p>&nbsp;<\/p>\n<ol start=\"6\">\n<li>\n<h4><strong> Consent<\/strong><\/h4>\n<\/li>\n<\/ol>\n<p>If the CB SICAV processes personal data with the consent of the Data Subject, the Data Subject may revoke the consent at any time through the contacts listed in the introduction to this Policy.<\/p>\n<p>If the CB SICAV processes personal data on the basis of consent to the processing of personal data, it processes them for the period for which consent was granted or until the consent is withdrawn.<\/p>\n<p>&nbsp;<\/p>\n<ol start=\"7\">\n<li>\n<h4><strong> Sources of personal data<\/strong><\/h4>\n<\/li>\n<\/ol>\n<p>CB SICAV processes data received directly from Data Subjects, as well as data from publicly available sources and registers and data obtained from third parties (e.g. business partners) that are authorised to do so.<\/p>\n<p>&nbsp;<\/p>\n<ol start=\"8\">\n<li>\n<h4><strong> Disclosure and transfer of personal data<\/strong><\/h4>\n<\/li>\n<\/ol>\n<p>CB SICAV may entrust a third party with the performance of certain activities, or transfer the data to a third party, then the processing of the relevant personal data by this third party becomes the processor of the personal data. The processor is authorised to handle the data solely for the purpose of carrying out the activity for which it has been authorised by the relevant controller. In this case, the consent of the Data Subject is not required for the purposes of the processing activity.  <\/p>\n<p>The subjects to whom personal data may be transferred are, in particular:<\/p>\n<ul>\n<li>Czech National Bank, (supervisory authority)<\/li>\n<li>Winstor investi\u010dn\u00ed spole\u010dnost, a.s., ID: 08315868, with registered office at Jungmannova 745\/24, Nov\u00e9 M\u011bsto, 110 00 Prague 1, (Fund Manager)<\/li>\n<li><strong>\u010ceskoslovensk\u00e1 obchodn\u00ed banka, a. s., ID No.:<\/strong> 00001350, with registered office at Prague 5, Radlick\u00e1 333\/150, Postal Code 15057, (Depositary of the Fund)<\/li>\n<li><strong>BDO Czech Republic s.r.o., ID:<\/strong> 26402220, <strong>with registered office at<\/strong> N\u00e1dra\u017en\u00ed 344\/23, Sm\u00edchov, 150 00 Prague 5, (auditor of the Fund)<\/li>\n<li><strong>Crowdberry s.o.<\/strong>, <strong>ID:<\/strong> 05784972, with registered office at Jind\u0159i\u0161sk\u00e1 939\/20, Nov\u00e9 M\u011bsto, 110 00 Prague 1, (provider of consulting services to the Fund on projects)<\/li>\n<li>IT service providers,<\/li>\n<li>attorneys, accountants, tax advisors and other consultants &#8211; natural persons engaged in business,<\/li>\n<li>banks that provide services to CB SICAVs or project companies,<\/li>\n<li>the project companies in which CB SICAV invests and their current and future shareholders, shareholders and directors.<\/li>\n<\/ul>\n<p>Beyond the above, the CB SICAV transfers personal data outside only if it has the consent of the Data Subject or if required by law.<\/p>\n<p>&nbsp;<\/p>\n<ol start=\"9\">\n<li>\n<h4><strong> Security<\/strong><\/h4>\n<\/li>\n<\/ol>\n<p>CB SICAV has put in place technical and organisational measures to protect personal data against accidental or unlawful destruction, accidental loss or alteration, unauthorised disclosure or access and any other unlawful forms of processing.<\/p>\n<p>The CB SICAV restricts access to personal data to only those persons who need the information for the purpose of processing it on behalf of the CB SICAV.<\/p>\n<p>&nbsp;<\/p>\n<ol start=\"10\">\n<li>\n<h4><strong> Rights of data subjects<\/strong><\/h4>\n<\/li>\n<\/ol>\n<p>In connection with the processing of personal data, the Data Subject may exercise the following rights with CB SICAV:<\/p>\n<ul>\n<li>Right to confirm whether his\/her personal data is processed by CB SICAV<\/li>\n<li>Right of access to information<\/li>\n<li>Right to rectification of personal data<\/li>\n<li>Right to withdraw consent to processing<\/li>\n<li>Right to object to processing<\/li>\n<li>Right to erasure<\/li>\n<li>Right to data transfer<\/li>\n<\/ul>\n<p>The data subject may exercise the aforementioned rights with the CB SICAV by submitting a request in writing or by e-mail to the contact details provided in the introduction.<\/p>\n<p><strong> <\/strong><\/p>\n<h4><strong>Right to lodge a complaint with the supervisory authority<\/strong><\/h4>\n<p>The data subject has the right to lodge a complaint against the processing of their personal data with the supervisory authority, which is the Office for Personal Data Protection, located at Pplk. Sochor 27, 170 00 Prague 7 &#8211; Hole\u0161ovice. <\/p>\n<p>CB SICAV may amend this policy on the processing of personal data and publish an updated version on the website.<\/p>\n<p>&nbsp;<\/p>\n<h4><strong>COOKIES<\/strong><\/h4>\n<p>When using the <em>cbpropertyinvestors.eu<\/em> website, personal data is processed via cookies. &#8220;Cookies&#8221; are data files placed on the Data Subject&#8217;s computer by websites and\/or applications that serve as unique identifiers. <\/p>\n<p>The information obtained through cookies is used to improve the services provided, e.g. to personalise the website, to prevent the re-display of notifications already displayed or to update the website. <\/p>\n<p>CB SICAV does not use cookies to identify individuals.<\/p>\n<p>Each of the categories of cookies can be blocked (except for strictly necessary cookies) in the browser settings. Blocking or deactivating cookies may hinder the functionality of the website. CB SICAV uses the following cookies:  <\/p>\n<ul>\n<li>Strictly necessary cookies<\/li>\n<li>Cookie web system<\/li>\n<li>Analytical\/performance cookies<\/li>\n<li>Functional cookies<\/li>\n<\/ul>\n<p>&nbsp;<\/p>\n<p><strong>By using<\/strong> <strong>this website<\/strong>, <strong>you acknowledge that you accept and agree to the Privacy Policy<\/strong><strong>.<\/strong>[\/vc_column_text][\/vc_column][\/vc_row]<\/p>\n<\/div>","protected":false},"excerpt":{"rendered":"<p>[vc_row unlock_row=&#8221;&#8221; row_height_percent=&#8221;0&#8243; override_padding=&#8221;yes&#8221; h_padding=&#8221;2&#8243; top_padding=&#8221;4&#8243; bottom_padding=&#8221;4&#8243; overlay_alpha=&#8221;50&#8243; gutter_size=&#8221;3&#8243; column_width_percent=&#8221;100&#8243; shift_y=&#8221;0&#8243; z_index=&#8221;0&#8243; content_parallax=&#8221;0&#8243; uncode_shortcode_id=&#8221;478071&#8243;][vc_column width=&#8221;1\/1&#8243;][vc_column_text uncode_shortcode_id=&#8221;104771&#8243;] PERSONAL DATA PROCESSING POLICY [&hellip;]<\/p>\n","protected":false},"author":2,"featured_media":0,"parent":0,"menu_order":0,"comment_status":"closed","ping_status":"closed","template":"","meta":{"footnotes":"","_links_to":"","_links_to_target":""},"class_list":["post-1898","page","type-page","status-publish","hentry"],"yoast_head":"<!-- This site is optimized with the Yoast SEO plugin v27.4 - https:\/\/yoast.com\/product\/yoast-seo-wordpress\/ -->\n<title>Personal Data Processing Policy - CB Property Investors<\/title>\n<meta name=\"robots\" content=\"index, follow, max-snippet:-1, max-image-preview:large, max-video-preview:-1\" \/>\n<link rel=\"canonical\" href=\"https:\/\/www.cbpropertyinvestors.eu\/en\/personal-data-processing-policy\/\" \/>\n<meta property=\"og:locale\" content=\"en_US\" \/>\n<meta property=\"og:type\" content=\"article\" \/>\n<meta property=\"og:title\" content=\"Personal Data Processing Policy - CB Property Investors\" \/>\n<meta property=\"og:description\" content=\"[vc_row unlock_row=&#8221;&#8221; row_height_percent=&#8221;0&#8243; override_padding=&#8221;yes&#8221; h_padding=&#8221;2&#8243; top_padding=&#8221;4&#8243; bottom_padding=&#8221;4&#8243; overlay_alpha=&#8221;50&#8243; gutter_size=&#8221;3&#8243; column_width_percent=&#8221;100&#8243; shift_y=&#8221;0&#8243; z_index=&#8221;0&#8243; content_parallax=&#8221;0&#8243; uncode_shortcode_id=&#8221;478071&#8243;][vc_column width=&#8221;1\/1&#8243;][vc_column_text uncode_shortcode_id=&#8221;104771&#8243;] PERSONAL DATA PROCESSING POLICY [&hellip;]\" \/>\n<meta property=\"og:url\" content=\"https:\/\/www.cbpropertyinvestors.eu\/en\/personal-data-processing-policy\/\" \/>\n<meta property=\"og:site_name\" content=\"CB Property Investors\" \/>\n<meta property=\"article:publisher\" content=\"https:\/\/www.facebook.com\/CBPropertyInvestors\" \/>\n<meta property=\"article:modified_time\" content=\"2025-05-07T11:36:17+00:00\" \/>\n<meta property=\"og:image\" content=\"https:\/\/www.cbpropertyinvestors.eu\/wp-content\/uploads\/2024\/10\/SEO-logo-1.png\" \/>\n\t<meta property=\"og:image:width\" content=\"1200\" \/>\n\t<meta property=\"og:image:height\" content=\"675\" \/>\n\t<meta property=\"og:image:type\" content=\"image\/png\" \/>\n<meta name=\"twitter:card\" content=\"summary_large_image\" \/>\n<meta name=\"twitter:label1\" content=\"Est. reading time\" \/>\n\t<meta name=\"twitter:data1\" content=\"9 minutes\" \/>\n<script type=\"application\/ld+json\" class=\"yoast-schema-graph\">{\"@context\":\"https:\\\/\\\/schema.org\",\"@graph\":[{\"@type\":\"WebPage\",\"@id\":\"https:\\\/\\\/www.cbpropertyinvestors.eu\\\/en\\\/personal-data-processing-policy\\\/\",\"url\":\"https:\\\/\\\/www.cbpropertyinvestors.eu\\\/en\\\/personal-data-processing-policy\\\/\",\"name\":\"Personal Data Processing Policy - CB Property Investors\",\"isPartOf\":{\"@id\":\"https:\\\/\\\/www.cbpropertyinvestors.eu\\\/en\\\/#website\"},\"datePublished\":\"2025-04-22T15:43:37+00:00\",\"dateModified\":\"2025-05-07T11:36:17+00:00\",\"breadcrumb\":{\"@id\":\"https:\\\/\\\/www.cbpropertyinvestors.eu\\\/en\\\/personal-data-processing-policy\\\/#breadcrumb\"},\"inLanguage\":\"en-US\",\"potentialAction\":[{\"@type\":\"ReadAction\",\"target\":[\"https:\\\/\\\/www.cbpropertyinvestors.eu\\\/en\\\/personal-data-processing-policy\\\/\"]}]},{\"@type\":\"BreadcrumbList\",\"@id\":\"https:\\\/\\\/www.cbpropertyinvestors.eu\\\/en\\\/personal-data-processing-policy\\\/#breadcrumb\",\"itemListElement\":[{\"@type\":\"ListItem\",\"position\":1,\"name\":\"Dom\u016f\",\"item\":\"https:\\\/\\\/www.cbpropertyinvestors.eu\\\/en\\\/homepage-2\\\/\"},{\"@type\":\"ListItem\",\"position\":2,\"name\":\"Personal Data Processing Policy\"}]},{\"@type\":\"WebSite\",\"@id\":\"https:\\\/\\\/www.cbpropertyinvestors.eu\\\/en\\\/#website\",\"url\":\"https:\\\/\\\/www.cbpropertyinvestors.eu\\\/en\\\/\",\"name\":\"CB Property Investors\",\"description\":\"\",\"publisher\":{\"@id\":\"https:\\\/\\\/www.cbpropertyinvestors.eu\\\/en\\\/#organization\"},\"alternateName\":\"Crowdberry Property Investors\",\"potentialAction\":[{\"@type\":\"SearchAction\",\"target\":{\"@type\":\"EntryPoint\",\"urlTemplate\":\"https:\\\/\\\/www.cbpropertyinvestors.eu\\\/en\\\/?s={search_term_string}\"},\"query-input\":{\"@type\":\"PropertyValueSpecification\",\"valueRequired\":true,\"valueName\":\"search_term_string\"}}],\"inLanguage\":\"en-US\"},{\"@type\":\"Organization\",\"@id\":\"https:\\\/\\\/www.cbpropertyinvestors.eu\\\/en\\\/#organization\",\"name\":\"CB Property Investors\",\"url\":\"https:\\\/\\\/www.cbpropertyinvestors.eu\\\/en\\\/\",\"logo\":{\"@type\":\"ImageObject\",\"inLanguage\":\"en-US\",\"@id\":\"https:\\\/\\\/www.cbpropertyinvestors.eu\\\/en\\\/#\\\/schema\\\/logo\\\/image\\\/\",\"url\":\"https:\\\/\\\/cbpropertyinvestors.eu\\\/wp-content\\\/uploads\\\/2024\\\/09\\\/cropped-crowdberry-logo_Mark-Blue.png\",\"contentUrl\":\"https:\\\/\\\/cbpropertyinvestors.eu\\\/wp-content\\\/uploads\\\/2024\\\/09\\\/cropped-crowdberry-logo_Mark-Blue.png\",\"width\":512,\"height\":512,\"caption\":\"CB Property Investors\"},\"image\":{\"@id\":\"https:\\\/\\\/www.cbpropertyinvestors.eu\\\/en\\\/#\\\/schema\\\/logo\\\/image\\\/\"},\"sameAs\":[\"https:\\\/\\\/www.facebook.com\\\/CBPropertyInvestors\",\"https:\\\/\\\/www.linkedin.com\\\/company\\\/crowdberry-property-investors\\\/\"]}]}<\/script>\n<!-- \/ Yoast SEO plugin. -->","yoast_head_json":{"title":"Personal Data Processing Policy - CB Property Investors","robots":{"index":"index","follow":"follow","max-snippet":"max-snippet:-1","max-image-preview":"max-image-preview:large","max-video-preview":"max-video-preview:-1"},"canonical":"https:\/\/www.cbpropertyinvestors.eu\/en\/personal-data-processing-policy\/","og_locale":"en_US","og_type":"article","og_title":"Personal Data Processing Policy - CB Property Investors","og_description":"[vc_row unlock_row=&#8221;&#8221; row_height_percent=&#8221;0&#8243; override_padding=&#8221;yes&#8221; h_padding=&#8221;2&#8243; top_padding=&#8221;4&#8243; bottom_padding=&#8221;4&#8243; overlay_alpha=&#8221;50&#8243; gutter_size=&#8221;3&#8243; column_width_percent=&#8221;100&#8243; shift_y=&#8221;0&#8243; z_index=&#8221;0&#8243; content_parallax=&#8221;0&#8243; uncode_shortcode_id=&#8221;478071&#8243;][vc_column width=&#8221;1\/1&#8243;][vc_column_text uncode_shortcode_id=&#8221;104771&#8243;] PERSONAL DATA PROCESSING POLICY [&hellip;]","og_url":"https:\/\/www.cbpropertyinvestors.eu\/en\/personal-data-processing-policy\/","og_site_name":"CB Property Investors","article_publisher":"https:\/\/www.facebook.com\/CBPropertyInvestors","article_modified_time":"2025-05-07T11:36:17+00:00","og_image":[{"width":1200,"height":675,"url":"https:\/\/www.cbpropertyinvestors.eu\/wp-content\/uploads\/2024\/10\/SEO-logo-1.png","type":"image\/png"}],"twitter_card":"summary_large_image","twitter_misc":{"Est. reading time":"9 minutes"},"schema":{"@context":"https:\/\/schema.org","@graph":[{"@type":"WebPage","@id":"https:\/\/www.cbpropertyinvestors.eu\/en\/personal-data-processing-policy\/","url":"https:\/\/www.cbpropertyinvestors.eu\/en\/personal-data-processing-policy\/","name":"Personal Data Processing Policy - CB Property Investors","isPartOf":{"@id":"https:\/\/www.cbpropertyinvestors.eu\/en\/#website"},"datePublished":"2025-04-22T15:43:37+00:00","dateModified":"2025-05-07T11:36:17+00:00","breadcrumb":{"@id":"https:\/\/www.cbpropertyinvestors.eu\/en\/personal-data-processing-policy\/#breadcrumb"},"inLanguage":"en-US","potentialAction":[{"@type":"ReadAction","target":["https:\/\/www.cbpropertyinvestors.eu\/en\/personal-data-processing-policy\/"]}]},{"@type":"BreadcrumbList","@id":"https:\/\/www.cbpropertyinvestors.eu\/en\/personal-data-processing-policy\/#breadcrumb","itemListElement":[{"@type":"ListItem","position":1,"name":"Dom\u016f","item":"https:\/\/www.cbpropertyinvestors.eu\/en\/homepage-2\/"},{"@type":"ListItem","position":2,"name":"Personal Data Processing Policy"}]},{"@type":"WebSite","@id":"https:\/\/www.cbpropertyinvestors.eu\/en\/#website","url":"https:\/\/www.cbpropertyinvestors.eu\/en\/","name":"CB Property Investors","description":"","publisher":{"@id":"https:\/\/www.cbpropertyinvestors.eu\/en\/#organization"},"alternateName":"Crowdberry Property Investors","potentialAction":[{"@type":"SearchAction","target":{"@type":"EntryPoint","urlTemplate":"https:\/\/www.cbpropertyinvestors.eu\/en\/?s={search_term_string}"},"query-input":{"@type":"PropertyValueSpecification","valueRequired":true,"valueName":"search_term_string"}}],"inLanguage":"en-US"},{"@type":"Organization","@id":"https:\/\/www.cbpropertyinvestors.eu\/en\/#organization","name":"CB Property Investors","url":"https:\/\/www.cbpropertyinvestors.eu\/en\/","logo":{"@type":"ImageObject","inLanguage":"en-US","@id":"https:\/\/www.cbpropertyinvestors.eu\/en\/#\/schema\/logo\/image\/","url":"https:\/\/cbpropertyinvestors.eu\/wp-content\/uploads\/2024\/09\/cropped-crowdberry-logo_Mark-Blue.png","contentUrl":"https:\/\/cbpropertyinvestors.eu\/wp-content\/uploads\/2024\/09\/cropped-crowdberry-logo_Mark-Blue.png","width":512,"height":512,"caption":"CB Property Investors"},"image":{"@id":"https:\/\/www.cbpropertyinvestors.eu\/en\/#\/schema\/logo\/image\/"},"sameAs":["https:\/\/www.facebook.com\/CBPropertyInvestors","https:\/\/www.linkedin.com\/company\/crowdberry-property-investors\/"]}]}},"_links":{"self":[{"href":"https:\/\/www.cbpropertyinvestors.eu\/en\/wp-json\/wp\/v2\/pages\/1898","targetHints":{"allow":["GET"]}}],"collection":[{"href":"https:\/\/www.cbpropertyinvestors.eu\/en\/wp-json\/wp\/v2\/pages"}],"about":[{"href":"https:\/\/www.cbpropertyinvestors.eu\/en\/wp-json\/wp\/v2\/types\/page"}],"author":[{"embeddable":true,"href":"https:\/\/www.cbpropertyinvestors.eu\/en\/wp-json\/wp\/v2\/users\/2"}],"replies":[{"embeddable":true,"href":"https:\/\/www.cbpropertyinvestors.eu\/en\/wp-json\/wp\/v2\/comments?post=1898"}],"version-history":[{"count":2,"href":"https:\/\/www.cbpropertyinvestors.eu\/en\/wp-json\/wp\/v2\/pages\/1898\/revisions"}],"predecessor-version":[{"id":1900,"href":"https:\/\/www.cbpropertyinvestors.eu\/en\/wp-json\/wp\/v2\/pages\/1898\/revisions\/1900"}],"wp:attachment":[{"href":"https:\/\/www.cbpropertyinvestors.eu\/en\/wp-json\/wp\/v2\/media?parent=1898"}],"curies":[{"name":"wp","href":"https:\/\/api.w.org\/{rel}","templated":true}]}}